{"id":54,"date":"2018-12-16T12:28:34","date_gmt":"2018-12-16T11:28:34","guid":{"rendered":"http:\/\/racing-data.com\/index.php\/about\/"},"modified":"2019-01-09T21:02:34","modified_gmt":"2019-01-09T20:02:34","slug":"about","status":"publish","type":"page","link":"https:\/\/racing-data.com\/index.php\/about\/","title":{"rendered":"A propos"},"content":{"rendered":"<div class=\"col-md-6 col-sm-6 col-xs-12\">\n<div class=\"about-img-area wow fadeInDown animated animated animated animated animated\" style=\"visibility: visible; animation-delay: 0.4s; animation-name: fadeInDown;\" data-wow-delay=\"0.4s\">La soci\u00e9t\u00e9 Racing-Data a \u00e9t\u00e9 cr\u00e9e en 2013 par\u00a0un ing\u00e9nieur en informatique passion\u00e9 de sport m\u00e9canique. A ses d\u00e9but, la soci\u00e9t\u00e9\u00a0revendait diff\u00e9rents syst\u00e8mes d&rsquo;acquisition de donn\u00e9es mais tr\u00e8s rapidement,\u00a0elle s&rsquo;est recentr\u00e9e sur les produits de la marque AIM pour offrir une meilleure qualit\u00e9 de service sur ces produits.<\/div>\n<div class=\"about-img-area wow fadeInDown animated animated animated animated animated\" style=\"visibility: visible; animation-delay: 0.4s; animation-name: fadeInDown;\" data-wow-delay=\"0.4s\">Actif dans le domaine de la comp\u00e9tition automobile, le karting et la moto, Racing-Data a conscience des exigences de cet univers ou la fiabilit\u00e9, la\u00a0qualit\u00e9 et la performance\u00a0en sont les ma\u00eetres mots.<\/div>\n<\/div>\n<div data-wow-delay=\"0.4s\"><\/div>\n<div data-wow-delay=\"0.4s\"><img loading=\"lazy\" class=\"alignnone size-medium wp-image-149\" src=\"http:\/\/racing-data.com\/wp-content\/uploads\/2018\/12\/Data_analysis-300x235.jpg\" alt=\"\" width=\"300\" height=\"235\" srcset=\"https:\/\/racing-data.com\/wp-content\/uploads\/2018\/12\/Data_analysis-300x235.jpg 300w, https:\/\/racing-data.com\/wp-content\/uploads\/2018\/12\/Data_analysis.jpg 426w\" sizes=\"(max-width: 300px) 100vw, 300px\" \/><\/div>\n<div data-wow-delay=\"0.4s\"><\/div>\n<div class=\"col-md-6 col-sm-6 col-xs-12 wow fadeInDown animated animated animated animated animated\" style=\"visibility: visible; animation-delay: 0.4s; animation-name: fadeInDown;\" data-wow-delay=\"0.4s\">\n<p>&nbsp;<\/p>\n<\/div>\n","protected":false},"excerpt":{"rendered":"<p>La soci\u00e9t\u00e9 Racing-Data a \u00e9t\u00e9 cr\u00e9e en 2013 par\u00a0un ing\u00e9nieur en informatique passion\u00e9 de sport m\u00e9canique. A ses d\u00e9but, la soci\u00e9t\u00e9\u00a0revendait diff\u00e9rents syst\u00e8mes d&rsquo;acquisition de donn\u00e9es mais tr\u00e8s rapidement,\u00a0elle s&rsquo;est recentr\u00e9e sur les produits de la marque AIM pour offrir une meilleure qualit\u00e9 de service sur ces produits. Actif dans le domaine de la comp\u00e9tition<\/p><\/div>\n<div class=\"blog-btn\"><a href=\"https:\/\/racing-data.com\/index.php\/about\/\" class=\"home-blog-btn\">Lire la suite<\/a><\/p>\n","protected":false},"author":1,"featured_media":0,"parent":0,"menu_order":0,"comment_status":"closed","ping_status":"closed","template":"template\/template-about.php","meta":[],"_links":{"self":[{"href":"https:\/\/racing-data.com\/index.php\/wp-json\/wp\/v2\/pages\/54"}],"collection":[{"href":"https:\/\/racing-data.com\/index.php\/wp-json\/wp\/v2\/pages"}],"about":[{"href":"https:\/\/racing-data.com\/index.php\/wp-json\/wp\/v2\/types\/page"}],"author":[{"embeddable":true,"href":"https:\/\/racing-data.com\/index.php\/wp-json\/wp\/v2\/users\/1"}],"replies":[{"embeddable":true,"href":"https:\/\/racing-data.com\/index.php\/wp-json\/wp\/v2\/comments?post=54"}],"version-history":[{"count":17,"href":"https:\/\/racing-data.com\/index.php\/wp-json\/wp\/v2\/pages\/54\/revisions"}],"predecessor-version":[{"id":418,"href":"https:\/\/racing-data.com\/index.php\/wp-json\/wp\/v2\/pages\/54\/revisions\/418"}],"wp:attachment":[{"href":"https:\/\/racing-data.com\/index.php\/wp-json\/wp\/v2\/media?parent=54"}],"curies":[{"name":"wp","href":"https:\/\/api.w.org\/{rel}","templated":true}]}}